{"id":746,"date":"2024-06-06T21:12:16","date_gmt":"2024-06-06T19:12:16","guid":{"rendered":"https:\/\/nettbutikk.respond.no\/?post_type=product&#038;p=746"},"modified":"2024-08-16T14:13:29","modified_gmt":"2024-08-16T12:13:29","slug":"caps","status":"publish","type":"product","link":"https:\/\/nettbutikk.respond.no\/?product=caps","title":{"rendered":"Caps"},"content":{"rendered":"<p>\u00c5rets caps &#8211; farge lysebl\u00e5 &#8211; med camplogo foran og borrel\u00e5sjustering bak.<\/p>\n","protected":false},"excerpt":{"rendered":"<p>\u00c5rets caps &#8211; farge lysebl\u00e5 &#8211; med camplogo foran og borrel\u00e5sjustering bak.<\/p>\n<p>&nbsp;<\/p>\n","protected":false},"featured_media":801,"template":"","meta":[],"product_brand":[],"product_cat":[82,74,73,81],"product_tag":[],"class_list":{"0":"post-746","1":"product","2":"type-product","3":"status-publish","4":"has-post-thumbnail","6":"product_cat-accessories","7":"product_cat-dame","8":"product_cat-herre","9":"product_cat-junior","10":"pa_storrelse-junior","11":"pa_storrelse-voksen","13":"first","14":"instock","15":"taxable","16":"shipping-taxable","17":"purchasable","18":"product-type-simple"},"_links":{"self":[{"href":"https:\/\/nettbutikk.respond.no\/index.php?rest_route=\/wp\/v2\/product\/746","targetHints":{"allow":["GET"]}}],"collection":[{"href":"https:\/\/nettbutikk.respond.no\/index.php?rest_route=\/wp\/v2\/product"}],"about":[{"href":"https:\/\/nettbutikk.respond.no\/index.php?rest_route=\/wp\/v2\/types\/product"}],"wp:featuredmedia":[{"embeddable":true,"href":"https:\/\/nettbutikk.respond.no\/index.php?rest_route=\/wp\/v2\/media\/801"}],"wp:attachment":[{"href":"https:\/\/nettbutikk.respond.no\/index.php?rest_route=%2Fwp%2Fv2%2Fmedia&parent=746"}],"wp:term":[{"taxonomy":"product_brand","embeddable":true,"href":"https:\/\/nettbutikk.respond.no\/index.php?rest_route=%2Fwp%2Fv2%2Fproduct_brand&post=746"},{"taxonomy":"product_cat","embeddable":true,"href":"https:\/\/nettbutikk.respond.no\/index.php?rest_route=%2Fwp%2Fv2%2Fproduct_cat&post=746"},{"taxonomy":"product_tag","embeddable":true,"href":"https:\/\/nettbutikk.respond.no\/index.php?rest_route=%2Fwp%2Fv2%2Fproduct_tag&post=746"}],"curies":[{"name":"wp","href":"https:\/\/api.w.org\/{rel}","templated":true}]}}