{"id":754,"date":"2024-06-10T12:28:45","date_gmt":"2024-06-10T10:28:45","guid":{"rendered":"https:\/\/nettbutikk.respond.no\/?post_type=product&#038;p=754"},"modified":"2024-08-16T14:13:10","modified_gmt":"2024-08-16T12:13:10","slug":"drikkeflaske","status":"publish","type":"product","link":"https:\/\/nettbutikk.respond.no\/?product=drikkeflaske","title":{"rendered":"Drikkeflaske"},"content":{"rendered":"<p>Bestill \u00e5rets leirflaske, den har et volum p\u00e5 650 ml og den passer perfekt i sidelommen p\u00e5 ryggsekken. Skrulokket med smart b\u00e6reh\u00e5ndtak. Flasken er produsert av resirkulerte flasker RPET. Dette er en flaske du vil ha glede av lenge.<\/p>\n<p>&nbsp;<\/p>\n","protected":false},"excerpt":{"rendered":"<p>Bestill \u00e5rets leirflaske, den har et volum p\u00e5 650 ml og den passer perfekt i sidelommen p\u00e5 ryggsekken. Skrulokket med smart b\u00e6reh\u00e5ndtak. Flasken er produsert av resirkulerte flasker RPET. Dette er en flaske du vil ha glede av lenge.<\/p>\n","protected":false},"featured_media":748,"template":"","meta":[],"product_brand":[],"product_cat":[82],"product_tag":[],"class_list":{"0":"post-754","1":"product","2":"type-product","3":"status-publish","4":"has-post-thumbnail","6":"product_cat-accessories","8":"first","9":"instock","10":"taxable","11":"shipping-taxable","12":"purchasable","13":"product-type-simple"},"_links":{"self":[{"href":"https:\/\/nettbutikk.respond.no\/index.php?rest_route=\/wp\/v2\/product\/754","targetHints":{"allow":["GET"]}}],"collection":[{"href":"https:\/\/nettbutikk.respond.no\/index.php?rest_route=\/wp\/v2\/product"}],"about":[{"href":"https:\/\/nettbutikk.respond.no\/index.php?rest_route=\/wp\/v2\/types\/product"}],"wp:featuredmedia":[{"embeddable":true,"href":"https:\/\/nettbutikk.respond.no\/index.php?rest_route=\/wp\/v2\/media\/748"}],"wp:attachment":[{"href":"https:\/\/nettbutikk.respond.no\/index.php?rest_route=%2Fwp%2Fv2%2Fmedia&parent=754"}],"wp:term":[{"taxonomy":"product_brand","embeddable":true,"href":"https:\/\/nettbutikk.respond.no\/index.php?rest_route=%2Fwp%2Fv2%2Fproduct_brand&post=754"},{"taxonomy":"product_cat","embeddable":true,"href":"https:\/\/nettbutikk.respond.no\/index.php?rest_route=%2Fwp%2Fv2%2Fproduct_cat&post=754"},{"taxonomy":"product_tag","embeddable":true,"href":"https:\/\/nettbutikk.respond.no\/index.php?rest_route=%2Fwp%2Fv2%2Fproduct_tag&post=754"}],"curies":[{"name":"wp","href":"https:\/\/api.w.org\/{rel}","templated":true}]}}